{"id":1277,"date":"2026-02-06T08:11:59","date_gmt":"2026-02-06T08:11:59","guid":{"rendered":"https:\/\/sierrazulu.waw.pl\/?page_id=1277"},"modified":"2026-02-21T09:56:44","modified_gmt":"2026-02-21T09:56:44","slug":"instruktorzy","status":"publish","type":"page","link":"https:\/\/sierrazulu.waw.pl\/en\/latanie-szybowcami\/instruktorzy\/","title":{"rendered":"Instructors"},"content":{"rendered":"\n<!DOCTYPE html>\n<html lang=\"pl\">\n<head>\n  <meta charset=\"UTF-8\">\n  <meta name=\"viewport\" content=\"width=device-width, initial-scale=1.0\">\n  <title>Nasi Instruktorzy | Aviation Sierra Zulu | Szko\u0142a Szybowcowa<\/title>\n  <script src=\"https:\/\/cdn.tailwindcss.com\"><\/script>\n  <link rel=\"stylesheet\" href=\"https:\/\/cdnjs.cloudflare.com\/ajax\/libs\/font-awesome\/6.5.0\/css\/all.min.css\">\n  <style>\n    @import url('https:\/\/fonts.googleapis.com\/css2?family=Inter:wght@400;500;600;700&family=Space+Grotesk:wght@500;600;700&display=swap');\n    \n    body { font-family: 'Inter', sans-serif; }\n    .title-font { font-family: 'Space Grotesk', sans-serif; }\n    canvas { image-rendering: crisp-edges; }\n\n    \/* NEON BIA\u0141Y + AMBER *\/\n    .neon-title {\n      color: #ffffff;\n      text-shadow: \n        0 0 10px #fff,\n        0 0 20px #fff,\n        0 0 40px #fcd34d,\n        0 0 80px #fcd34d;\n      animation: neon-pulse 3s ease-in-out infinite alternate;\n    }\n\n    .neon-block {\n      color: #fff;\n      text-shadow: \n        0 0 15px #fcd34d,\n        0 0 30px #fcd34d;\n    }\n\n    @keyframes neon-pulse {\n      from { text-shadow: 0 0 10px #fff, 0 0 20px #fff, 0 0 40px #fcd34d; }\n      to   { text-shadow: 0 0 20px #fff, 0 0 40px #fff, 0 0 80px #fcd34d, 0 0 120px #fcd34d; }\n    }\n\n    .instructor-img {\n      filter: brightness(0.95) contrast(1.1);\n      box-shadow: 0 25px 50px -12px rgb(0 0 0 \/ 80%);\n    }\n  <\/style>\n<\/head>\n<body class=\"bg-zinc-950 text-white overflow-x-hidden\">\n\n  <!-- NAV \u2192 wklej sw\u00f3j -->\n\n  <!-- HERO -->\n  <section class=\"relative h-screen flex items-center justify-center overflow-hidden\">\n    <canvas id=\"solar\" class=\"absolute inset-0 w-full h-full\"><\/canvas>\n    <div class=\"absolute inset-0 bg-gradient-to-b from-transparent via-zinc-950\/70 to-zinc-950\"><\/div>\n    \n    <div class=\"relative z-10 max-w-5xl mx-auto px-6 text-center\">\n      <h1 class=\"title-font text-6xl md:text-7xl font-bold tracking-tighter mb-6 leading-none\">\n        <span class=\"neon-title\">Nasi instruktorzy<\/span><br>\n        <span class=\"text-amber-400\">serce<\/span>\n <span class=\"text-amber-400\"><\/span>\n        <span class=\"text-amber-400\">Aviation Sierra Zulu<\/span>\n      <\/h1>\n      <p class=\"max-w-2xl mx-auto text-xl md:text-2xl text-zinc-300 mb-10\">\n        Nie jeste\u015bmy kolejnym aeroklubem.<br>\n        Jeste\u015bmy miejscem, w kt\u00f3rym naprawd\u0119 chcesz jak najszybciej polecie\u0107 sam.\n      <\/p>\n      <a href=\"#filary\" class=\"inline-flex items-center gap-3 bg-amber-400 hover:bg-amber-500 text-zinc-950 font-semibold text-lg px-10 py-6 rounded-2xl transition-all duration-300 group\">\n        Poznaj filary\n        <i class=\"fa-solid fa-arrow-down group-hover:translate-y-1 transition\"><\/i>\n      <\/a>\n    <\/div>\n  <\/section>\n\n<!-- ==================== TRZY FILARY \u2013 NOWA WERSJA (zdj\u0119cia w tle) ==================== -->\n<section id=\"filary\" class=\"py-20 px-6 max-w-6xl mx-auto\">\n  <h2 class=\"text-center text-4xl font-semibold mb-12 neon-block\" style=\"color: #00d4ff;\">\n    Trzy filary naszych instruktor\u00f3w\n  <\/h2>\n  \n  <div class=\"grid md:grid-cols-3 gap-10\">\n\n    <!-- KARTA 1 \u2013 Pokorny -->\n    <div class=\"relative h-[520px] rounded-3xl overflow-hidden group\">\n      <div class=\"absolute inset-0 bg-[url('https:\/\/sierrazulu.waw.pl\/wp-content\/uploads\/2026\/02\/Zrzut-ekranu-2026-02-06-103352.png')] bg-cover bg-center transition-transform duration-700 group-hover:scale-110\"><\/div>\n      <div class=\"absolute inset-0 bg-zinc-950\/70\"><\/div> <!-- 30% prze\u017aroczysto\u015bci -->\n      \n      <div class=\"relative h-full p-10 flex flex-col justify-between\">\n        <div class=\"w-20 h-20 rounded-2xl bg-blue-500\/10 flex items-center justify-center text-6xl\">\ud83d\ude4f<\/div>\n        \n        <div>\n          <h3 class=\"text-4xl font-semibold mb-4 neon-block\">Humble(Pokorny)<\/h3>\n          <p class=\"text-zinc-300 text-lg leading-relaxed\">\n            Tw\u00f3j post\u0119p jest dla nich wa\u017cniejszy ni\u017c ich w\u0142asna frajda z latania.<br>\n            Ego zostaje w hangarze. Liczy si\u0119 ucze\u0144.\n          <\/p>\n        <\/div>\n      <\/div>\n    <\/div>\n\n    <!-- KARTA 2 \u2013 G\u0142odny -->\n    <div class=\"relative h-[520px] rounded-3xl overflow-hidden group\">\n      <div class=\"absolute inset-0 bg-[url('https:\/\/sierrazulu.waw.pl\/wp-content\/uploads\/2026\/02\/Zrzut-ekranu-2026-02-06-103025.png')] bg-cover bg-center transition-transform duration-700 group-hover:scale-110\"><\/div>\n      <div class=\"absolute inset-0 bg-zinc-950\/70\"><\/div>\n      \n      <div class=\"relative h-full p-10 flex flex-col justify-between\">\n        <div class=\"w-20 h-20 rounded-2xl bg-amber-500\/10 flex items-center justify-center text-6xl\">\ud83d\udd25<\/div>\n        \n        <div>\n          <h3 class=\"text-4xl font-semibold mb-4 neon-block\">Hungry(G\u0142odny)<\/h3>\n          <p class=\"text-zinc-300 text-lg leading-relaxed\">\n            Przyci\u0105gaj\u0105 uczni\u00f3w osobowo\u015bci\u0105 i wynikami.<br>\n            S\u0105 proaktywni, zale\u017cy im na rozwoju szko\u0142y i Twoim sukcesie.\n          <\/p>\n        <\/div>\n      <\/div>\n    <\/div>\n\n    <!-- KARTA 3 \u2013 Smart -->\n    <div class=\"relative h-[520px] rounded-3xl overflow-hidden group\">\n      <div class=\"absolute inset-0 bg-[url('https:\/\/sierrazulu.waw.pl\/wp-content\/uploads\/2026\/02\/Zrzut-ekranu-2026-02-06-103137.png')] bg-cover bg-center transition-transform duration-700 group-hover:scale-110\"><\/div>\n      <div class=\"absolute inset-0 bg-zinc-950\/70\"><\/div>\n      \n      <div class=\"relative h-full p-10 flex flex-col justify-between\">\n        <div class=\"w-20 h-20 rounded-2xl bg-purple-500\/10 flex items-center justify-center text-6xl\">\ud83e\udde0<\/div>\n        \n        <div>\n          <h3 class=\"text-4xl font-semibold mb-4 neon-block\">Smart(M\u0105dry)<\/h3>\n          <p class=\"text-zinc-300 text-lg leading-relaxed\">\n            Inteligentni emocjonalnie.<br>\n            Komunikuj\u0105 jasno, spokojnie i buduj\u0105 zaufanie.\n          <\/p>\n        <\/div>\n      <\/div>\n    <\/div>\n\n  <\/div>\n<\/section>\n\n  <!-- W PRAKTYCE -->\n  <section class=\"py-24 bg-zinc-900 px-6\">\n    <div class=\"max-w-4xl mx-auto\">\n      <h2 class=\"text-4xl font-semibold mb-10 neon-block\">Jak to wygl\u0105da w praktyce<\/h2>\n      <div class=\"prose prose-invert prose-lg max-w-none\">\n        <p class=\"text-xl text-zinc-300\">Dobieramy instruktor\u00f3w dok\u0142adnie tak samo jak budujemy samolot \u2013 z precyzj\u0105 i wed\u0142ug jasnych kryteri\u00f3w.<\/p>\n        <p class=\"text-xl text-zinc-300 mt-10\">Co roku ka\u017cdy z nich przechodzi pe\u0142n\u0105 ocen\u0119 360\u00b0 \u2013 od uczni\u00f3w, od koleg\u00f3w i od nas.<\/p>\n        <p class=\"text-2xl font-medium text-amber-400 mt-12 leading-tight\">\n          Dzi\u0119ki temu w kokpicie zawsze masz kogo\u015b,<br>\n          kto naprawd\u0119 chce, \u017ceby\u015b jak najszybciej poczu\u0142 cisz\u0119,<br>\n          160 km\/h i si\u0142\u0119 no\u015bn\u0105 w skrzyd\u0142ach tn\u0105cych powietrze niczym skalpel.\n        <\/p>\n        <div class=\"mt-16 grid md:grid-cols-2 gap-12 text-lg text-zinc-400\">\n          <div><p>Nie marnujemy Twojego czasu.<\/p><p>Nie przed\u0142u\u017camy kursu dla w\u0142asnych lot\u00f3w.<\/p><\/div>\n          <div><p>Skupiamy si\u0119 na jednym:<\/p><p class=\"text-white font-medium\">\u017ceby\u015b najszybciej i najbezpieczniej wszed\u0142 w ten flow, w kt\u00f3rym jeste\u015b tylko Ty i niebo.<\/p><\/div>\n        <\/div>\n      <\/div>\n    <\/div>\n  <\/section>\n\n  <!-- CTA Z T\u0141EM -->\n  <div class=\"relative py-20 text-center overflow-hidden\">\n    <!-- t\u0142o szybowca -->\n    <div class=\"absolute inset-0 bg-[url('https:\/\/picsum.photos\/id\/1015\/1920\/1080')] bg-cover bg-center\"><\/div>\n    <div class=\"absolute inset-0 bg-gradient-to-b from-zinc-950\/70 via-zinc-950\/90 to-zinc-950\"><\/div>\n    \n    <div class=\"relative z-10 max-w-2xl mx-auto px-6\">\n      <p class=\"text-4xl font-semibold mb-8 neon-title\">Gotowy na lot, w kt\u00f3rym instruktor naprawd\u0119 b\u0119dzie po Twojej stronie?<\/p>\n      <a href=\"https:\/\/sklep.sierrazulu.waw.pl\" \n         class=\"inline-block bg-amber-400 hover:bg-amber-500 text-zinc-950 font-semibold px-16 py-6 rounded-3xl text-2xl transition-all hover:scale-105\">\n        Zapisz si\u0119 na kurs \u2192\n      <\/a>\n    <\/div>\n  <\/div>\n <!-- ==================== SEKCJA PDF \u2013 DODANA NA KO\u0143CU ==================== -->\n  <section class=\"py-24 bg-zinc-900 border-t border-zinc-800\">\n    <div class=\"max-w-5xl mx-auto px-6\">\n      <div class=\"bg-zinc-950 rounded-3xl p-12 md:p-16 flex flex-col md:flex-row items-center gap-12 border border-amber-400\/20\">\n        \n        <!-- lewa strona -->\n        <div class=\"flex-1\">\n          <h3 class=\"neon-block text-4xl md:text-5xl font-semibold leading-none mb-6\">\n            Jeste\u015b instruktorem?<br>Sprawd\u017a, czy pasujesz.\n          <\/h3>\n          <p class=\"text-xl text-zinc-400 max-w-lg\">\n            Stawiamy spraw\u0119 jasno. Nasze standardy s\u0105 wysokie, ale przejrzyste.<br>\n            Pobierz nasz dokument walidacji instruktora i zobacz, czego naprawd\u0119 wymagamy.\n          <\/p>\n        <\/div>\n\n        <!-- prawa strona \u2013 przycisk -->\n        <div>\n          <a href=\"https:\/\/sierrazulu.waw.pl\/wp-content\/uploads\/2026\/02\/ASZ-Walidacja-Instruktora-v1.pdf\" \n             target=\"_blank\"\n             class=\"sz-btn-download group\">\n            <span class=\"text-4xl transition group-hover:rotate-12\">\ud83d\udcc4<\/span>\n            <span class=\"text-left\">\n              <span class=\"block text-2xl font-semibold\">Pobierz Dokument Walidacji<\/span>\n              <small class=\"text-amber-400 text-sm\">PDF \u2022 Wersja 1.0 | Luty 2026<\/small>\n            <\/span>\n          <\/a>\n        <\/div>\n      <\/div>\n    <\/div>\n  <\/section>\n  <!-- FOOTER \u2192 wklej sw\u00f3j -->\n\n  <script>\n    \/\/ (ca\u0142y skrypt canvas z planetkami bez zmian \u2013 zostawiam dok\u0142adnie taki sam jak mia\u0142e\u015b)\n    const canvas = document.getElementById('solar');\n    const ctx = canvas.getContext('2d');\n    let w, h, centerX, centerY;\n    const planets = [];\n    \n    class Planet {\n      constructor(radius, speed, size, color, label) {\n        this.radius = radius; this.speed = speed; this.size = size; this.color = color; this.label = label;\n        this.angle = Math.random() * Math.PI * 2;\n      }\n      update() { this.angle += this.speed; }\n      draw() {\n        const x = centerX + Math.cos(this.angle) * this.radius;\n        const y = centerY + Math.sin(this.angle) * this.radius * 0.6;\n        ctx.shadowBlur = 40; ctx.shadowColor = this.color;\n        ctx.fillStyle = this.color; ctx.beginPath(); ctx.arc(x, y, this.size, 0, Math.PI * 2); ctx.fill();\n        ctx.shadowBlur = 0; ctx.fillStyle = '#fff'; ctx.font = '600 17px Inter'; ctx.textAlign = 'center';\n        ctx.fillText(this.label, x, y + this.size + 34);\n      }\n    }\n    \n    function resize() { w = canvas.width = window.innerWidth; h = canvas.height = window.innerHeight; centerX = w\/2; centerY = h\/2; }\n    function initPlanets() {\n      planets.length = 0;\n      planets.push(new Planet(225, 0.0056, 24, '#60a5fa', 'Pokorny'));\n      planets.push(new Planet(325, 0.0084, 29, '#fbbf24', 'G\u0142odny'));\n      planets.push(new Planet(425, 0.0042, 21, '#c084fc', 'Inteligentny'));\n      planets.push(new Planet(525, 0.0105, 26, '#4ade80', 'Wyniki'));\n      planets.push(new Planet(625, 0.0063, 25, '#67e8f9', 'Zaufanie'));\n    }\n    function drawSun() {\n      ctx.shadowBlur = 90; ctx.shadowColor = '#fcd34d'; ctx.fillStyle = '#fcd34d';\n      ctx.beginPath(); ctx.arc(centerX, centerY, 48, 0, Math.PI * 2); ctx.fill();\n      ctx.shadowBlur = 160; ctx.fillStyle = 'rgba(251, 191, 36, 0.25)';\n      ctx.beginPath(); ctx.arc(centerX, centerY, 72, 0, Math.PI * 2); ctx.fill();\n    }\n    function animate() {\n      ctx.fillStyle = 'rgba(9, 9, 11, 0.12)'; ctx.fillRect(0, 0, w, h);\n      drawSun(); planets.forEach(p => { p.update(); p.draw(); });\n      requestAnimationFrame(animate);\n    }\n    window.addEventListener('resize', () => { resize(); initPlanets(); });\n    resize(); initPlanets(); animate();\n  <\/script>\n<!-- SEKCJA: NA SKR\u00d3TY (SZYBKA NAWIGACJA) -->\n<section class=\"py-20 bg-gray-900 border-t border-gray-800\">\n    <div class=\"container mx-auto px-6\">\n        \n        <!-- Nag\u0142\u00f3wek sekcji -->\n        <div class=\"text-center mb-12\">\n            <h2 class=\"font-heading text-3xl md:text-4xl font-bold text-white uppercase tracking-wider\">\n                Szybka <span class=\"text-sz-red\">Nawigacja<\/span>\n            <\/h2>\n            <div class=\"w-24 h-1 bg-sz-red mx-auto mt-4\"><\/div>\n        <\/div>\n\n        <!-- Grid 6 element\u00f3w (3 kolumny na desktopie, 2 na tablecie, 1 na mobile) -->\n        <div class=\"grid grid-cols-1 md:grid-cols-2 lg:grid-cols-3 gap-6\">\n\n            <!-- 1. Dlaczego Aviation Sierra Zulu? -->\n            <a href=\"https:\/\/sierrazulu.waw.pl\/dlaczego-aviation-sierra-zulu\/\" class=\"group relative h-64 overflow-hidden rounded-sm border border-gray-700 hover:border-sz-red transition-all duration-300\">\n                <!-- T\u0142o (Zdj\u0119cie) -->\n                <div class=\"absolute inset-0 bg-cover bg-center transition-transform duration-700 group-hover:scale-110 opacity-50\"\n                     style=\"background-image: url('https:\/\/sierrazulu.waw.pl\/wp-content\/uploads\/2025\/03\/Zrzut-ekranu-2023-12-15-091112.png');\"><\/div> <!-- Zdj\u0119cie instruktora\/ekipy -->\n                <div class=\"absolute inset-0 bg-gradient-to-t from-black via-black\/40 to-transparent\"><\/div>\n                <!-- Tre\u015b\u0107 -->\n                <div class=\"absolute bottom-0 left-0 p-6 w-full\">\n                    <span class=\"text-xs text-sz-red font-bold uppercase tracking-widest mb-1 block\">O nas<\/span>\n                    <h3 class=\"text-xl font-heading font-bold text-white group-hover:text-sz-red transition-colors leading-tight\">\n                        Dlaczego Sierra Zulu?\n                    <\/h3>\n                <\/div>\n            <\/a>\n\n            <!-- 2. Kurs SPL + Darmowy Lot -->\n            <a href=\"https:\/\/sklep.sierrazulu.waw.pl\/szkolenie-szybowcowe\" class=\"group relative h-64 overflow-hidden rounded-sm border border-gray-700 hover:border-sz-red transition-all duration-300\">\n                <div class=\"absolute inset-0 bg-cover bg-center transition-transform duration-700 group-hover:scale-110 opacity-50\"\n                     style=\"background-image: url('https:\/\/sierrazulu.waw.pl\/wp-content\/uploads\/2025\/09\/Bez-tytulu2.jpg');\"><\/div> <!-- Zdj\u0119cie sali\/wyk\u0142ad\u00f3w -->\n                <div class=\"absolute inset-0 bg-gradient-to-t from-black via-black\/40 to-transparent\"><\/div>\n                <div class=\"absolute bottom-0 left-0 p-6 w-full\">\n                    <span class=\"text-xs text-sz-red font-bold uppercase tracking-widest mb-1 block\">Start<\/span>\n                    <h3 class=\"text-xl font-heading font-bold text-white group-hover:text-sz-red transition-colors leading-tight\">\n                        Teoria + Lot Gratis\n                    <\/h3>\n                <\/div>\n            <\/a>\n\n            <!-- 3. Odbuduj pewno\u015b\u0107 siebie -->\n            <a href=\"https:\/\/sierrazulu.waw.pl\/odbuduj-pewnosc-siebie-w-powietrzu-3-loty-z-instruktorem\/\" class=\"group relative h-64 overflow-hidden rounded-sm border border-gray-700 hover:border-sz-red transition-all duration-300\">\n                <div class=\"absolute inset-0 bg-cover bg-center transition-transform duration-700 group-hover:scale-110 opacity-50\"\n                     style=\"background-image: url('https:\/\/sierrazulu.waw.pl\/wp-content\/uploads\/2025\/09\/Zrzut-ekranu-2025-06-26-210658-1.png');\"><\/div> <!-- Zdj\u0119cie z kabiny\/lotniska -->\n                <div class=\"absolute inset-0 bg-gradient-to-t from-black via-black\/40 to-transparent\"><\/div>\n                <div class=\"absolute bottom-0 left-0 p-6 w-full\">\n                    <span class=\"text-xs text-sz-red font-bold uppercase tracking-widest mb-1 block\">Trening<\/span>\n                    <h3 class=\"text-xl font-heading font-bold text-white group-hover:text-sz-red transition-colors leading-tight\">\n                        Odbuduj pewno\u015b\u0107 siebie\n                    <\/h3>\n                <\/div>\n            <\/a>\n\n            <!-- 4. Akademia Przelotowa -->\n            <a href=\"https:\/\/sierrazulu.waw.pl\/szkolenia-przelotowe\/\" class=\"group relative h-64 overflow-hidden rounded-sm border border-gray-700 hover:border-sz-red transition-all duration-300\">\n                <div class=\"absolute inset-0 bg-cover bg-center transition-transform duration-700 group-hover:scale-110 opacity-50\"\n                     style=\"background-image: url('https:\/\/sierrazulu.waw.pl\/wp-content\/uploads\/2025\/03\/Zrzut-ekranu-2024-05-29-213726.png');\"><\/div> <!-- Zdj\u0119cie w locie\/chmury -->\n                <div class=\"absolute inset-0 bg-gradient-to-t from-black via-black\/40 to-transparent\"><\/div>\n                <div class=\"absolute bottom-0 left-0 p-6 w-full\">\n                    <span class=\"text-xs text-sz-red font-bold uppercase tracking-widest mb-1 block\">Zaawansowani<\/span>\n                    <h3 class=\"text-xl font-heading font-bold text-white group-hover:text-sz-red transition-colors leading-tight\">\n                        Akademia Przelotowa\n                    <\/h3>\n                <\/div>\n            <\/a>\n\n            <!-- 5. Voucher na prezent -->\n            <a href=\"https:\/\/sierrazulu.waw.pl\/loty-zapoznawcze\/\" class=\"group relative h-64 overflow-hidden rounded-sm border border-gray-700 hover:border-sz-red transition-all duration-300\">\n                <div class=\"absolute inset-0 bg-cover bg-center transition-transform duration-700 group-hover:scale-110 opacity-50 mix-blend-overlay\"\n                     style=\"background-image: url('https:\/\/sierrazulu.waw.pl\/wp-content\/uploads\/2025\/12\/25lipiec_szyb_epba_I_0572-scaled.jpg');\"><\/div> <!-- Zdj\u0119cie prezentowe\/sunset -->\n                <div class=\"absolute inset-0 bg-gradient-to-t from-sz-blue via-sz-blue\/40 to-transparent\"><\/div> <!-- Niebieski tint dla vouchera -->\n                <div class=\"absolute bottom-0 left-0 p-6 w-full\">\n                    <span class=\"text-xs text-white font-bold uppercase tracking-widest mb-1 block\">Prezent<\/span>\n                    <h3 class=\"text-xl font-heading font-bold text-white group-hover:text-sz-red transition-colors leading-tight\">\n                        Voucher na Lot\n                    <\/h3>\n                <\/div>\n            <\/a>\n\n            <!-- 6. Cennik -->\n            <a href=\"https:\/\/sierrazulu.waw.pl\/nasze-ceny\/\" class=\"group relative h-64 overflow-hidden rounded-sm border border-gray-700 hover:border-sz-red transition-all duration-300 bg-sz-dark\">\n                <!-- Ikona lub minimalistyczne t\u0142o -->\n                <div class=\"absolute inset-0 flex items-center justify-center opacity-10 group-hover:opacity-20 transition-opacity duration-500\">\n                    <span class=\"text-9xl font-bold text-white\">$<\/span>\n                <\/div>\n                <div class=\"absolute inset-0 bg-gradient-to-t from-black via-transparent to-transparent\"><\/div>\n                <div class=\"absolute bottom-0 left-0 p-6 w-full\">\n                    <span class=\"text-xs text-sz-red font-bold uppercase tracking-widest mb-1 block\">Info<\/span>\n                    <h3 class=\"text-xl font-heading font-bold text-white group-hover:text-sz-red transition-colors leading-tight\">\n                        Nasze Ceny\n                    <\/h3>\n                <\/div>\n            <\/a>\n\n        <\/div>\n    <\/div>\n<\/section>\n<\/body>\n<\/html>\n\n\n\n<p><\/p>\n","protected":false},"excerpt":{"rendered":"<p>Nasi Instruktorzy | Aviation Sierra Zulu | Szko\u0142a Szybowcowa Nasi instruktorzy serce Aviation Sierra Zulu Nie jeste\u015bmy kolejnym aeroklubem. Jeste\u015bmy miejscem, w kt\u00f3rym naprawd\u0119 chcesz jak najszybciej polecie\u0107 sam. Poznaj filary Trzy filary naszych instruktor\u00f3w \ud83d\ude4f Humble(Pokorny) Tw\u00f3j post\u0119p jest dla nich wa\u017cniejszy ni\u017c ich w\u0142asna frajda z latania. Ego zostaje w hangarze. Liczy si\u0119 [&hellip;]<\/p>\n","protected":false},"author":1,"featured_media":0,"parent":89,"menu_order":0,"comment_status":"closed","ping_status":"closed","template":"","meta":{"_monsterinsights_skip_tracking":false,"_monsterinsights_sitenote_active":false,"_monsterinsights_sitenote_note":"","_monsterinsights_sitenote_category":0,"_uf_show_specific_survey":0,"_uf_disable_surveys":false,"footnotes":""},"class_list":["post-1277","page","type-page","status-publish","hentry"],"aioseo_notices":[],"_links":{"self":[{"href":"https:\/\/sierrazulu.waw.pl\/en\/wp-json\/wp\/v2\/pages\/1277","targetHints":{"allow":["GET"]}}],"collection":[{"href":"https:\/\/sierrazulu.waw.pl\/en\/wp-json\/wp\/v2\/pages"}],"about":[{"href":"https:\/\/sierrazulu.waw.pl\/en\/wp-json\/wp\/v2\/types\/page"}],"author":[{"embeddable":true,"href":"https:\/\/sierrazulu.waw.pl\/en\/wp-json\/wp\/v2\/users\/1"}],"replies":[{"embeddable":true,"href":"https:\/\/sierrazulu.waw.pl\/en\/wp-json\/wp\/v2\/comments?post=1277"}],"version-history":[{"count":41,"href":"https:\/\/sierrazulu.waw.pl\/en\/wp-json\/wp\/v2\/pages\/1277\/revisions"}],"predecessor-version":[{"id":1358,"href":"https:\/\/sierrazulu.waw.pl\/en\/wp-json\/wp\/v2\/pages\/1277\/revisions\/1358"}],"up":[{"embeddable":true,"href":"https:\/\/sierrazulu.waw.pl\/en\/wp-json\/wp\/v2\/pages\/89"}],"wp:attachment":[{"href":"https:\/\/sierrazulu.waw.pl\/en\/wp-json\/wp\/v2\/media?parent=1277"}],"curies":[{"name":"wp","href":"https:\/\/api.w.org\/{rel}","templated":true}]}}