{"id":1370,"date":"2026-03-16T17:50:04","date_gmt":"2026-03-16T17:50:04","guid":{"rendered":"https:\/\/sierrazulu.waw.pl\/?page_id=1370"},"modified":"2026-03-17T22:35:08","modified_gmt":"2026-03-17T22:35:08","slug":"szybowce-praktyka-i-teoria","status":"publish","type":"page","link":"https:\/\/sierrazulu.waw.pl\/en\/szybowce-praktyka-i-teoria\/","title":{"rendered":"Szkolenie szybowcowe Teoria + Praktyka"},"content":{"rendered":"\n<p><!DOCTYPE html>\n<html lang=\"pl\">\n<head>\n    <meta charset=\"UTF-8\">\n    <meta name=\"viewport\" content=\"width=device-width, initial-scale=1.0\">\n    <title>Szybownictwo Sierra Zulu | Szkolenie Teoria i Praktyka w Jednym<\/title>\n    <meta name=\"description\" content=\"Nowoczesne szkolenie szybowcowe w Aviation Sierra Zulu. \u0141\u0105czymy teori\u0119 z praktyk\u0105, szkolimy w bezstresowej atmosferze pod okiem wyczynowych pilot\u00f3w. Zdob\u0105d\u017a licencj\u0119 szybciej!\">\n    <meta name=\"keywords\" content=\"szybownictwo, kurs szybowcowy, licencja pilota, szkolenie lotnicze, Sierra Zulu, S\u0142awomir \u017bydek, Milewo, szybownictwo Warszawa\">\n    \n    <!-- Open Graph \/ Facebook -->\n    <meta property=\"og:type\" content=\"website\">\n    <meta property=\"og:url\" content=\"https:\/\/sierrazulu.waw.pl\/szybowce-praktyka-i-teoria\/\">\n    <meta property=\"og:title\" content=\"Szybownictwo Sierra Zulu | Szkolenie Teoria i Praktyka\">\n    <meta property=\"og:description\" content=\"Odkryj mistrzowsk\u0105 metodyk\u0119 szkolenia szybowcowego. Teoria i praktyka w jednym czasie. Ucz si\u0119 od najlepszych wyczynowych pilot\u00f3w.\">\n    <meta property=\"og:image\" content=\"https:\/\/sierrazulu.waw.pl\/wp-content\/uploads\/2026\/03\/645695914_1285373513464750_4079611395396644077_n.jpg\">\n\n    <!-- Twitter -->\n    <meta property=\"twitter:card\" content=\"summary_large_image\">\n    <meta property=\"twitter:url\" content=\"https:\/\/sierrazulu.waw.pl\/szybowce-praktyka-i-teoria\/\">\n    <meta property=\"twitter:title\" content=\"Szybownictwo Sierra Zulu | Szkolenie Teoria i Praktyka\">\n    <meta property=\"twitter:description\" content=\"Nowoczesne szkolenie szybowcowe. Ucz si\u0119 od najlepszych wyczynowych pilot\u00f3w. Zdob\u0105d\u017a licencj\u0119 szybciej!\">\n    <meta property=\"twitter:image\" content=\"https:\/\/sierrazulu.waw.pl\/wp-content\/uploads\/2026\/03\/645695914_1285373513464750_4079611395396644077_n.jpg\">\n    \n    <!-- Tailwind CSS CDN -->\n    <script src=\"https:\/\/cdn.tailwindcss.com\"><\/script>\n    \n    <!-- Google Fonts -->\n    <link href=\"https:\/\/fonts.googleapis.com\/css2?family=Inter:wght@300;400;700;900&#038;display=swap\" rel=\"stylesheet\">\n    \n    <!-- Lucide Icons -->\n    <script src=\"https:\/\/unpkg.com\/lucide@latest\"><\/script>\n\n    <style>\n        :root {\n            --neon-blue: #00f3ff;\n            --neon-orange: #ff8c00;\n            --slate-950: #020617;\n            --slate-900: #0f172a;\n        }\n\n        .sz-neon-text {\n            color: var(--neon-blue);\n            text-shadow: 0 0 5px var(--neon-blue), 0 0 10px var(--neon-blue);\n        }\n\n        .sz-neon-border {\n            border-color: var(--neon-blue);\n            box-shadow: 0 0 10px rgba(0, 243, 255, 0.2);\n        }\n\n        .sz-neon-button {\n            background-color: var(--neon-blue);\n            color: #020617;\n            box-shadow: 0 0 15px rgba(0, 243, 255, 0.4);\n            transition: all 0.3s ease;\n        }\n\n        .sz-neon-button:hover {\n            box-shadow: 0 0 25px rgba(0, 243, 255, 0.6);\n            transform: translateY(-2px);\n        }\n\n        .sz-glass {\n            background: rgba(15, 23, 42, 0.8);\n            backdrop-filter: blur(12px);\n            -webkit-backdrop-filter: blur(12px);\n        }\n\n        .sz-nav-link.active {\n            background-color: var(--neon-blue);\n            color: #020617;\n        }\n\n        html, body {\n            margin: 0;\n            padding: 0;\n            width: 100%;\n            scroll-behavior: smooth;\n        }\n\n        .sz-hero-gradient {\n            background: linear-gradient(to bottom, rgba(2, 6, 23, 0.2), rgba(2, 6, 23, 1));\n        }\n    <\/style>\n\n    <script>\n        tailwind.config = {\n            theme: {\n                extend: {\n                    fontFamily: { sans: ['Inter', 'sans-serif'] },\n                    colors: { neonBlue: '#00f3ff', neonOrange: '#ff8c00' }\n                }\n            }\n        }\n    <\/script>\n<\/head>\n<body class=\"bg-[#020617] text-slate-50 font-sans overflow-x-hidden\">\n\n    <!-- Navigation -->\n    <nav id=\"main-nav\" class=\"fixed top-0 left-0 right-0 z-50 transition-all duration-500 py-2 md:py-3 opacity-0 pointer-events-none -translate-y-2\">\n        <div class=\"max-w-7xl mx-auto px-3 flex justify-between items-center\">\n            <div class=\"flex items-center gap-2 cursor-pointer\" onclick=\"scrollToSection('hero')\">\n                <img decoding=\"async\" src=\"https:\/\/sierrazulu.waw.pl\/wp-content\/uploads\/2026\/03\/Podnagloweklustrzane1-\u2013-ze-zmianami.png\" alt=\"Logo\" class=\"w-8 h-8 md:w-10 md:h-10 object-contain\">\n                <span class=\"font-black text-xl md:text-2xl tracking-tighter uppercase italic\">\n                    <span class=\"sz-neon-text\">Aviation<\/span> Sierra <span class=\"sz-neon-text\">Zulu<\/span>\n                <\/span>\n            <\/div>\n\n            <!-- Desktop Menu -->\n            <div class=\"hidden md:flex items-center gap-1 bg-slate-900\/40 p-1 rounded-full border border-white\/10 sz-glass\">\n                <button onclick=\"scrollToSection('hero')\" data-section=\"hero\" class=\"sz-nav-link px-4 py-2 rounded-full text-[10px] font-bold uppercase tracking-widest transition-all text-slate-400 hover:text-white\">Start<\/button>\n                <button onclick=\"scrollToSection('about')\" data-section=\"about\" class=\"sz-nav-link px-4 py-2 rounded-full text-[10px] font-bold uppercase tracking-widest transition-all text-slate-400 hover:text-white\">O Szkoleniu<\/button>\n                <button onclick=\"scrollToSection('methodology')\" data-section=\"methodology\" class=\"sz-nav-link px-4 py-2 rounded-full text-[10px] font-bold uppercase tracking-widest transition-all text-slate-400 hover:text-white\">Metodyka<\/button>\n                <button onclick=\"scrollToSection('safety')\" data-section=\"safety\" class=\"sz-nav-link px-4 py-2 rounded-full text-[10px] font-bold uppercase tracking-widest transition-all text-slate-400 hover:text-white\">Bezpiecze\u0144stwo<\/button>\n                <button onclick=\"scrollToSection('team')\" data-section=\"team\" class=\"sz-nav-link px-4 py-2 rounded-full text-[10px] font-bold uppercase tracking-widest transition-all text-slate-400 hover:text-white\">Zesp\u00f3\u0142<\/button>\n                <button onclick=\"scrollToSection('cta')\" data-section=\"cta\" class=\"sz-nav-link px-4 py-2 rounded-full text-[10px] font-bold uppercase tracking-widest transition-all text-slate-400 hover:text-white\">Zapisy<\/button>\n            <\/div>\n\n            <div class=\"flex items-center gap-4\">\n                <a href=\"https:\/\/sklep.sierrazulu.waw.pl\/kopia-kurs-podstawowy-plus-teoria\" class=\"hidden lg:flex items-center gap-2 px-6 py-2 border border-neonBlue text-neonBlue rounded-full text-[10px] font-bold uppercase tracking-widest hover:bg-neonBlue hover:text-slate-950 transition-all\">\n                    Sklep Online\n                <\/a>\n                <button class=\"md:hidden text-white p-2\" onclick=\"toggleMenu()\">\n                    <i data-lucide=\"menu\" id=\"menu-icon\"><\/i>\n                <\/button>\n            <\/div>\n        <\/div>\n    <\/nav>\n\n    <!-- Mobile Menu -->\n    <div id=\"mobile-menu\" class=\"fixed inset-0 z-[60] bg-[#020617] hidden flex-col items-center justify-center gap-6 p-6\">\n        <button onclick=\"scrollToSection('hero')\" class=\"text-3xl font-black uppercase italic tracking-tighter text-white\">Start<\/button>\n        <button onclick=\"scrollToSection('about')\" class=\"text-3xl font-black uppercase italic tracking-tighter text-slate-400\">O Szkoleniu<\/button>\n        <button onclick=\"scrollToSection('methodology')\" class=\"text-3xl font-black uppercase italic tracking-tighter text-slate-400\">Metodyka<\/button>\n        <button onclick=\"scrollToSection('safety')\" class=\"text-3xl font-black uppercase italic tracking-tighter text-slate-400\">Bezpiecze\u0144stwo<\/button>\n        <button onclick=\"scrollToSection('team')\" class=\"text-3xl font-black uppercase italic tracking-tighter text-slate-400\">Zesp\u00f3\u0142<\/button>\n        <button onclick=\"scrollToSection('cta')\" class=\"text-3xl font-black uppercase italic tracking-tighter text-slate-400\">Zapisy<\/button>\n        <a href=\"https:\/\/sklep.sierrazulu.waw.pl\" class=\"mt-4 px-10 py-4 sz-neon-button font-bold rounded-full uppercase tracking-widest text-center w-full\">Sklep Online<\/a>\n        <button onclick=\"toggleMenu()\" class=\"absolute top-8 right-8 text-white\"><i data-lucide=\"x\"><\/i><\/button>\n    <\/div>\n\n    <!-- Hero Section -->\n    <section id=\"hero\" class=\"relative h-screen w-full overflow-hidden flex items-center justify-center\">\n        <div class=\"absolute inset-0 z-0 w-full h-full\">\n            <div class=\"absolute inset-0 bg-slate-950\/20 z-10\"><\/div>\n            <div class=\"absolute inset-0 sz-hero-gradient z-10\"><\/div>\n          <div class=\"absolute inset-0 z-0 w-full h-full overflow-hidden\">\n  <div class=\"absolute inset-0 bg-slate-550\/20 z-10\"><\/div>\n  <div class=\"absolute inset-0 sz-hero-gradient z-10\"><\/div>\n<br><video \n  autoplay \n  muted \n  loop \n  playsinline \n  class=\"absolute top-0 left-0 w-full h-full object-cover min-w-full min-h-full opacity-90\"\n  style=\"filter: brightness(1.1);\"\n>\n  <source src=\"https:\/\/sierrazulu.waw.pl\/wp-content\/uploads\/2026\/03\/heropuch1.mp4\" type=\"video\/mp4\">\n<\/video><\/div>\n        <\/div>\n\n        <div class=\"relative z-20 text-center px-6 max-w-7xl w-full\">\n            <h1 class=\"text-4xl md:text-8xl font-black italic tracking-tighter uppercase leading-[0.9] mb-6\">\n                Szybownictwo na <br>\n                <span class=\"sz-neon-text\">Najwy\u017cszym Poziomie<\/span>\n            <\/h1>\n            <p class=\"text-lg md:text-2xl text-slate-200 font-light tracking-wide max-w-3xl mx-auto mb-10\">\n                Mistrzowska metodyka i atmosfera, kt\u00f3r\u0105 pokochasz. \n                Ucz si\u0119 od najlepszych wyczynowych pilot\u00f3w.\n            <\/p>\n            <div class=\"flex flex-col sm:flex-row gap-4 justify-center\">\n                <button onclick=\"scrollToSection('about')\" class=\"px-8 md:px-10 py-4 sz-neon-button font-black uppercase italic tracking-tighter text-lg md:text-xl rounded-sm\">\n                    Rozpocznij Szkolenie\n                <\/button>\n                <button onclick=\"scrollToSection('safety')\" class=\"px-8 md:px-10 py-4 bg-transparent border-2 border-white\/20 text-white font-black uppercase italic tracking-tighter text-lg md:text-xl rounded-sm hover:border-white\/40 transition-all\">\n                    Poznaj Bezpiecze\u0144stwo\n                <\/button>\n            <\/div>\n        <\/div>\n    <\/section>\n\n    <!-- About Section -->\n    <section id=\"about\" class=\"py-20 md:py-32 px-6 bg-[#020617]\">\n        <div class=\"max-w-7xl mx-auto grid lg:grid-cols-2 gap-12 md:gap-20 items-center\">\n            <div class=\"space-y-6 md:space-y-8\">\n                <h2 class=\"text-4xl md:text-6xl font-black text-white italic tracking-tighter uppercase leading-none\">\n                    Teoria i Praktyka <br>\n                    <span class=\"sz-neon-text\">W Jednym Czasie<\/span>\n                <\/h2>\n                <div class=\"h-1 w-20 bg-neonBlue sz-neon-border\"><\/div>\n                <p class=\"text-lg text-slate-300 leading-relaxed\">\n                    W Aviation Sierra Zulu zmieniamy zasady gry. Nasze szkolenie jest rozszerzone o \n                    <span class=\"text-white font-bold\">szkolenie teoretyczne prowadzone symultanicznie<\/span> \n                    przez instruktora pomi\u0119dzy sesjami praktycznymi. \n                <\/p>\n                <div class=\"grid sm:grid-cols-2 gap-6\">\n                    <div class=\"flex gap-4 items-start\">\n                        <i data-lucide=\"graduation-cap\" class=\"text-neonBlue w-6 h-6 flex-shrink-0\"><\/i>\n                        <div>\n                            <h4 class=\"font-bold text-white uppercase text-sm tracking-widest\">Symultaniczna Teoria<\/h4>\n                            <p class=\"text-slate-400 text-xs\">Wiedza podawana mi\u0119dzy lotami<\/p>\n                        <\/div>\n                    <\/div>\n                    <div class=\"flex gap-4 items-start\">\n                        <i data-lucide=\"compass\" class=\"text-neonBlue w-6 h-6 flex-shrink-0\"><\/i>\n                        <div>\n                            <h4 class=\"font-bold text-white uppercase text-sm tracking-widest\">Szybsza Licencja<\/h4>\n                            <p class=\"text-slate-400 text-xs\">Skr\u00f3cona droga do celu<\/p>\n                        <\/div>\n                    <\/div>\n                <\/div>\n            <\/div>\n\n            <div class=\"relative\">\n                <div class=\"absolute inset-0 bg-neonBlue\/10 blur-[100px] rounded-full\"><\/div>\n                <div class=\"relative border border-white\/10 rounded-2xl overflow-hidden bg-slate-900 p-2\">\n                    <img decoding=\"async\" src=\"https:\/\/sierrazulu.waw.pl\/wp-content\/uploads\/2026\/03\/645695914_1285373513464750_4079611395396644077_n.jpg\" alt=\"Cockpit\" class=\"rounded-xl w-full h-auto grayscale hover:grayscale-0 transition-all duration-700\">\n                <\/div>\n            <\/div>\n        <\/div>\n    <\/section>\n\n    <!-- Methodology Section -->\n    <section id=\"methodology\" class=\"py-20 md:py-32 px-6 bg-slate-900\/10\">\n        <div class=\"max-w-7xl mx-auto text-center mb-16\">\n            <h2 class=\"text-4xl md:text-6xl font-black italic tracking-tighter uppercase leading-none mb-6\">\n                Metodyka <span class=\"sz-neon-text\">Mistrz\u00f3w<\/span>\n            <\/h2>\n            <p class=\"text-slate-600 max-w-2xl mx-auto\">Uczysz si\u0119 od zawodnik\u00f3w, dla kt\u00f3rych rzeczywiste roczne trasy nalot\u00f3w si\u0119gaj\u0105 dziesi\u0105tki tysi\u0119cy kilometr\u00f3w.<\/p>\n        <\/div>\n\n        <div class=\"max-w-7xl mx-auto grid md:grid-cols-3 gap-6 md:gap-8\">\n            <div class=\"bg-[#020617] p-8 rounded-2xl border border-white\/5 hover:border-neonBlue\/30 transition-all group\">\n                <i data-lucide=\"users\" class=\"w-12 h-12 text-neonBlue mb-6 group-hover:scale-110 transition-transform\"><\/i>\n                <h3 class=\"text-2xl font-black text-white italic uppercase tracking-tighter mb-2\">S\u0142awomir \u017bydek<\/h3>\n                <p class=\"text-neonBlue text-[10px] font-bold uppercase tracking-widest mb-4\">Za\u0142o\u017cyciel &#038; Instruktor<\/p>\n                <p class=\"text-slate-300 text-sm leading-relaxed\">Wyczynowy pilot przelotowy i zawodnik. Przekazuje wiedz\u0119, kt\u00f3rej brakuje w tradycyjnych aeroklubach.<\/p>\n            <\/div>\n            <div class=\"bg-[#020617] p-8 rounded-2xl border border-white\/5 hover:border-neonBlue\/30 transition-all group\">\n                <i data-lucide=\"shield-check\" class=\"w-12 h-12 text-neonBlue mb-6 group-hover:scale-110 transition-transform\"><\/i>\n                <h3 class=\"text-2xl font-black text-white italic uppercase tracking-tighter mb-2\">Kultura Szacunku<\/h3>\n                <p class=\"text-neonBlue text-[10px] font-bold uppercase tracking-widest mb-4\">Zero Krzyk\u00f3w<\/p>\n                <p class=\"text-slate-300 text-sm leading-relaxed\">Zapomnij o 'starej szkole&#8217;. Nasza metodyka opiera si\u0119 na spokojnej rozmowie i rzetelnym t\u0142umaczeniu.<\/p>\n            <\/div>\n            <div class=\"bg-[#020617] p-8 rounded-2xl border border-white\/5 hover:border-neonBlue\/30 transition-all group\">\n                <i data-lucide=\"youtube\" class=\"w-12 h-12 text-neonBlue mb-6 group-hover:scale-110 transition-transform\"><\/i>\n                <h3 class=\"text-2xl font-black text-white italic uppercase tracking-tighter mb-2\">Wideo-Analiza<\/h3>\n                <p class=\"text-neonBlue text-[10px] font-bold uppercase tracking-widest mb-4\">YouTube @SierraZulu<\/p>\n                <p class=\"text-slate-300 text-sm leading-relaxed\">Nagrywamy loty, aby\u015b m\u00f3g\u0142 analizowa\u0107 swoje post\u0119py. Zobacz nasze filmy i przekonaj si\u0119 o jako\u015bci szkolenia.<\/p>\n            <\/div>\n        <\/div>\n    <\/section>\n\n    <!-- Safety Section -->\n    <section id=\"safety\" class=\"py-20 md:py-32 px-6\">\n        <div class=\"max-w-7xl mx-auto grid lg:grid-cols-2 gap-12 md:gap-20 items-center\">\n            <div class=\"order-2 lg:order-1 grid grid-cols-2 gap-4\">\n                <div class=\"space-y-4\">\n                    <div class=\"bg-slate-900\/50 p-6 rounded-xl border border-white\/5 aspect-square flex flex-col justify-center items-center text-center\">\n                       <i data-lucide=\"shield-check\" class=\"text-neonBlue w-10 h-10 mb-2\"><\/i>\n                       <p class=\"text-[10px] uppercase font-bold tracking-widest text-slate-400\">Bezpieczne Lotnisko<\/p>\n                       <p class=\"font-black italic text-xl uppercase tracking-tighter text-white\">Milewo<\/p>\n                    <\/div>\n                    <div class=\"bg-slate-900\/50 p-6 rounded-xl border border-white\/5 aspect-square flex flex-col justify-center items-center text-center\">\n                       <i data-lucide=\"cloud\" class=\"text-neonBlue w-10 h-10 mb-2\"><\/i>\n                       <p class=\"text-[10px] uppercase font-bold tracking-widest text-slate-400\">Loty nad<\/p>\n                       <p class=\"font-black italic text-xl uppercase tracking-tighter text-white\">Polami<\/p>\n                    <\/div>\n                <\/div>\n                <div class=\"space-y-4 pt-8\">\n                    <div class=\"bg-slate-900\/50 p-6 rounded-xl border border-white\/5 aspect-square flex flex-col justify-center items-center text-center\">\n                       <i data-lucide=\"x\" class=\"text-red-500 w-10 h-10 mb-2\"><\/i>\n                       <p class=\"text-[10px] uppercase font-bold tracking-widest text-slate-400\">Brak ryzyka<\/p>\n                       <p class=\"font-black italic text-xl uppercase tracking-tighter text-white\">Miejskiego<\/p>\n                    <\/div>\n                    <div class=\"bg-slate-900\/50 p-6 rounded-xl border border-white\/5 aspect-square flex flex-col justify-center items-center text-center\">\n                       <i data-lucide=\"check-circle-2\" class=\"text-emerald-500 w-10 h-10 mb-2\"><\/i>\n                       <p class=\"text-[10px] uppercase font-bold tracking-widest text-slate-400\">Alternatywne<\/p>\n                       <p class=\"font-black italic text-xl uppercase tracking-tighter text-white\">L\u0105dowiska<\/p>\n                    <\/div>\n                <\/div>\n            <\/div>\n\n            <div class=\"space-y-6 md:space-y-8 order-1 lg:order-2\">\n                <h2 class=\"text-4xl md:text-6xl font-black text-black italic tracking-tighter uppercase leading-none\">\n                    Lataj nad Polami, <br>\n                    <span class=\"sz-neon-text\">Nie nad Osiedlami<\/span>\n                <\/h2>\n                <div class=\"h-1 w-20 bg-neonBlue sz-neon-border\"><\/div>\n                <p class=\"text-lg text-slate-600 leading-relaxed\">\n                    Twoje bezpiecze\u0144stwo to nasz absolutny priorytet. Szkolenie odbywa si\u0119 w \n                    <span class=\"text-black font-bold\">Milewie ko\u0142o P\u0142o\u0144ska<\/span>. Eliminujemy ryzyko zwi\u0105zane z brakiem alternatywnych l\u0105dowisk.\n                <\/p>\n            <\/div>\n        <\/div>\n    <\/section>\n\n    <!-- Team Section -->\n    <section id=\"team\" class=\"py-20 md:py-32 px-6 bg-[#020617]\">\n        <div class=\"max-w-7xl mx-auto text-center mb-16\">\n            <h2 class=\"text-4xl md:text-6xl font-black text-white italic tracking-tighter uppercase leading-none mb-6\">\n                Empatyczny <span class=\"sz-neon-text\">Zesp\u00f3\u0142<\/span>\n            <\/h2>\n            <p class=\"text-slate-400 max-w-2xl mx-auto\">Jeste\u015bmy grup\u0105 pasjonat\u00f3w, kt\u00f3rzy kochaj\u0105 szybownictwo i wiedz\u0105, jak zarazi\u0107 t\u0105 pasj\u0105 innych.<\/p>\n        <\/div>\n\n        <div class=\"max-w-7xl mx-auto grid md:grid-cols-2 gap-8 md:gap-12\">\n            <div class=\"relative rounded-2xl overflow-hidden aspect-video group\">\n                <img decoding=\"async\" src=\"https:\/\/sierrazulu.waw.pl\/wp-content\/uploads\/2025\/09\/Zrzut-ekranu-2025-09-13-080959.jpg\" alt=\"Team\" class=\"w-full h-full object-cover grayscale group-hover:grayscale-0 transition-all duration-700\">\n                <div class=\"absolute inset-0 bg-gradient-to-t from-[#020617] to-transparent\"><\/div>\n            <\/div>\n            <div class=\"flex flex-col justify-center space-y-6\">\n                <p class=\"text-xl text-slate-200 italic font-light leading-relaxed\">\n                    &#8222;U nas czeka Ci\u0119 nie tylko nauka, ale i integracja ze wspania\u0142\u0105 spo\u0142eczno\u015bci\u0105 pilot\u00f3w.&#8221;\n                <\/p>\n                <div class=\"flex items-center gap-4\">\n                    <div>\n                        <img decoding=\"async\" src=\"https:\/\/sierrazulu.waw.pl\/wp-content\/uploads\/2026\/03\/Podnagloweklustrzane1-\u2013-ze-zmianami.png\" alt=\"Logo\" class=\"w-8 h-8 md:w-10 md:h-10 object-contain\">\n                        <p class=\"font-black text-white italic uppercase tracking-tighter\">Sierra Zulu Team<\/p>\n                        <p class=\"text-slate-400 text-[10px] uppercase font-bold tracking-widest\">Aviation Experts<\/p>\n                    <\/div>\n                <\/div>\n            <\/div>\n        <\/div>\n    <\/section>\n\n    <!-- CTA Section -->\n    <section id=\"cta\" class=\"py-20 md:py-32 px-6 bg-slate-900\/20 relative overflow-hidden\">\n        <div class=\"max-w-4xl mx-auto text-center relative z-10\">\n            <h2 class=\"text-4xl md:text-8xl font-black text-white italic tracking-tighter uppercase leading-none mb-8\">\n                Gotowy na <br>\n                <span class=\"sz-neon-text\">Szybownictwo?<\/span>\n            <\/h2>\n            <p class=\"text-lg md:text-xl text-slate-600 mb-10 md:mb-12\">\n                Skr\u00f3\u0107 drog\u0119 do licencji. Do\u0142\u0105cz do elastycznej organizacji, kt\u00f3ra stawia na Tw\u00f3j rozw\u00f3j.\n            <\/p>\n            <div class=\"flex flex-col sm:flex-row gap-4 justify-center items-center\">\n                <a href=\"https:\/\/sklep.sierrazulu.waw.pl\/kopia-kurs-podstawowy-plus-teoria\" target=\"_blank\" class=\"w-full sm:w-auto px-10 py-5 sz-neon-button font-black uppercase italic tracking-tighter text-xl rounded-sm flex items-center justify-center gap-3\">\n                    <i data-lucide=\"shopping-bag\"><\/i> Sklep\n                <\/a>\n                <a href=\"https:\/\/youtube.com\/@sierrazulu\" target=\"_blank\" class=\"w-full sm:w-auto px-10 py-5 bg-transparent border-2 border-red-600 text-red-600 font-black uppercase italic tracking-tighter text-xl rounded-sm hover:bg-red-600 hover:text-white transition-all flex items-center justify-center gap-3\">\n                    <i data-lucide=\"youtube\"><\/i> YouTube\n                <\/a>\n            <\/div>\n        <\/div>\n    <\/section>\n\n   \n\n    <script>\n        lucide.createIcons();\n\n        const nav = document.getElementById('main-nav');\n        const mobileMenu = document.getElementById('mobile-menu');\n        const navLinks = document.querySelectorAll('.sz-nav-link');\n        const sections = document.querySelectorAll('section');\n\n        window.addEventListener('scroll', () => {\n            if (window.scrollY > 50) {\n                nav.classList.add('sz-glass', 'border-b', 'border-neonBlue\/20', 'py-3', 'opacity-100', 'pointer-events-auto', 'translate-y-0');\n                nav.classList.remove('py-6', 'opacity-0', 'pointer-events-none', '-translate-y-4');\n            } else {\n                nav.classList.remove('sz-glass', 'border-b', 'border-neonBlue\/20', 'py-3', 'opacity-100', 'pointer-events-auto', 'translate-y-0');\n                nav.classList.add('py-6', 'opacity-0', 'pointer-events-none', '-translate-y-4');\n            }\n\n            let current = '';\n            sections.forEach(section => {\n                if (pageYOffset >= section.offsetTop - 150) {\n                    current = section.getAttribute('id');\n                }\n            });\n\n            navLinks.forEach(link => {\n                link.classList.toggle('active', link.getAttribute('data-section') === current);\n            });\n        });\n\n        function scrollToSection(id) {\n            const el = document.getElementById(id);\n            window.scrollTo({ top: el.offsetTop - 80, behavior: 'smooth' });\n            if (!mobileMenu.classList.contains('hidden')) toggleMenu();\n        }\n\n        function toggleMenu() {\n            mobileMenu.classList.toggle('hidden');\n            mobileMenu.classList.toggle('flex');\n            lucide.createIcons();\n        }\n    <\/script>\n<\/body>\n<\/html><\/p>\n","protected":false},"excerpt":{"rendered":"<p>Szybownictwo Sierra Zulu | Szkolenie Teoria i Praktyka w Jednym Aviation Sierra Zulu Start O Szkoleniu Metodyka Bezpiecze\u0144stwo Zesp\u00f3\u0142 Zapisy Sklep Online Start O Szkoleniu Metodyka Bezpiecze\u0144stwo Zesp\u00f3\u0142 Zapisy Sklep Online Szybownictwo na Najwy\u017cszym Poziomie Mistrzowska metodyka i atmosfera, kt\u00f3r\u0105 pokochasz. Ucz si\u0119 od najlepszych wyczynowych pilot\u00f3w. Rozpocznij Szkolenie Poznaj Bezpiecze\u0144stwo Teoria i Praktyka W [&hellip;]<\/p>\n","protected":false},"author":1,"featured_media":0,"parent":0,"menu_order":0,"comment_status":"closed","ping_status":"closed","template":"","meta":{"_monsterinsights_skip_tracking":false,"_monsterinsights_sitenote_active":false,"_monsterinsights_sitenote_note":"","_monsterinsights_sitenote_category":0,"_uf_show_specific_survey":0,"_uf_disable_surveys":false,"footnotes":""},"class_list":["post-1370","page","type-page","status-publish","hentry"],"aioseo_notices":[],"_links":{"self":[{"href":"https:\/\/sierrazulu.waw.pl\/en\/wp-json\/wp\/v2\/pages\/1370","targetHints":{"allow":["GET"]}}],"collection":[{"href":"https:\/\/sierrazulu.waw.pl\/en\/wp-json\/wp\/v2\/pages"}],"about":[{"href":"https:\/\/sierrazulu.waw.pl\/en\/wp-json\/wp\/v2\/types\/page"}],"author":[{"embeddable":true,"href":"https:\/\/sierrazulu.waw.pl\/en\/wp-json\/wp\/v2\/users\/1"}],"replies":[{"embeddable":true,"href":"https:\/\/sierrazulu.waw.pl\/en\/wp-json\/wp\/v2\/comments?post=1370"}],"version-history":[{"count":102,"href":"https:\/\/sierrazulu.waw.pl\/en\/wp-json\/wp\/v2\/pages\/1370\/revisions"}],"predecessor-version":[{"id":1494,"href":"https:\/\/sierrazulu.waw.pl\/en\/wp-json\/wp\/v2\/pages\/1370\/revisions\/1494"}],"wp:attachment":[{"href":"https:\/\/sierrazulu.waw.pl\/en\/wp-json\/wp\/v2\/media?parent=1370"}],"curies":[{"name":"wp","href":"https:\/\/api.w.org\/{rel}","templated":true}]}}